{"id":527,"date":"2022-04-23T16:30:03","date_gmt":"2022-04-23T19:30:03","guid":{"rendered":"http:\/\/portobelodayrun.com.br\/?page_id=527"},"modified":"2024-05-21T17:44:49","modified_gmt":"2024-05-21T20:44:49","slug":"informacoes","status":"publish","type":"page","link":"https:\/\/portobelodayrun.com.br\/?page_id=527","title":{"rendered":"INFORMA\u00c7\u00d5ES"},"content":{"rendered":"\t\t<div data-elementor-type=\"wp-page\" data-elementor-id=\"527\" class=\"elementor elementor-527\">\n\t\t\t\t\t\t<section class=\"elementor-section elementor-top-section elementor-element elementor-element-f4d4974 elementor-section-boxed elementor-section-height-default elementor-section-height-default\" data-id=\"f4d4974\" data-element_type=\"section\" data-e-type=\"section\">\n\t\t\t\t\t\t<div class=\"elementor-container elementor-column-gap-default\">\n\t\t\t\t\t<div class=\"elementor-column elementor-col-50 elementor-top-column elementor-element elementor-element-541d752\" data-id=\"541d752\" data-element_type=\"column\" data-e-type=\"column\">\n\t\t\t<div class=\"elementor-widget-wrap elementor-element-populated\">\n\t\t\t\t\t\t<div class=\"elementor-element elementor-element-21bf700 elementor-widget elementor-widget-text-editor\" data-id=\"21bf700\" data-element_type=\"widget\" data-e-type=\"widget\" data-widget_type=\"text-editor.default\">\n\t\t\t\t<div class=\"elementor-widget-container\">\n\t\t\t\t\t\t\t\t\t<p><strong>ENTREGA KITS<\/strong><\/p>\n<p>25\/5 s\u00e1bado &#8211; 10 \u00e0s 14h<\/p>\n<p>26\/05 domingo &#8211; 06:00 \u00e0s 07:00<\/p>\n<p>Local:&nbsp;<a style=\"background-color: #ffffff;\" href=\"https:\/\/goo.gl\/maps\/x2QRdAyKZKZ8mDCeA\" target=\"_blank\" rel=\"noopener\">Pier Tur\u00edstico<\/a><\/p>\n<p><\/p>\t\t\t\t\t\t\t\t<\/div>\n\t\t\t\t<\/div>\n\t\t\t\t<div class=\"elementor-element elementor-element-e705926 elementor-widget elementor-widget-text-editor\" data-id=\"e705926\" data-element_type=\"widget\" data-e-type=\"widget\" data-widget_type=\"text-editor.default\">\n\t\t\t\t<div class=\"elementor-widget-container\">\n\t\t\t\t\t\t\t\t\t<p><strong>Porto Belo Day Run<\/strong><\/p><p>Corrida\u00a0 5km &#8211; 10km &#8211; Kids<\/p><p>26 maio de 2024<\/p><p>Local: Pier Tur\u00edstico<\/p><p>Largada 5km\/10km: 08h\u00a0<\/p><p>Kids: 09h<\/p>\t\t\t\t\t\t\t\t<\/div>\n\t\t\t\t<\/div>\n\t\t\t\t\t<\/div>\n\t\t<\/div>\n\t\t\t\t<div class=\"elementor-column elementor-col-50 elementor-top-column elementor-element elementor-element-6ce0bb9\" data-id=\"6ce0bb9\" data-element_type=\"column\" data-e-type=\"column\">\n\t\t\t<div class=\"elementor-widget-wrap elementor-element-populated\">\n\t\t\t\t\t\t<div class=\"elementor-element elementor-element-67499ff elementor-widget elementor-widget-text-editor\" data-id=\"67499ff\" data-element_type=\"widget\" data-e-type=\"widget\" data-widget_type=\"text-editor.default\">\n\t\t\t\t<div class=\"elementor-widget-container\">\n\t\t\t\t\t\t\t\t\t<p><strong>Premia\u00e7\u00e3o<\/strong><\/p><p>Geral 1\u00ba ao 5\u00ba Lugar &#8211; trof\u00e9us<\/p><p>Faixas Et\u00e1rias<\/p><p>1\u00ba ao 5\u00ba Lugar &#8211; Medalahs de classifica\u00e7\u00e3o<\/p><p>Trof\u00e9u Maior Equipe<\/p><p>Medalha finisher\u00a0<\/p><p><strong>KIT DO ATLETA<\/strong><\/p><p>\u00a0Kit Participa\u00e7\u00e3o: N\u00famero de Peito, chip descartavel, medalha finisher<\/p><p>Kit Plus: Camiseta, N\u00famero de peito, chip descartavel, medalha finisher5<\/p><p>\u00a0<\/p>\t\t\t\t\t\t\t\t<\/div>\n\t\t\t\t<\/div>\n\t\t\t\t\t<\/div>\n\t\t<\/div>\n\t\t\t\t\t<\/div>\n\t\t<\/section>\n\t\t\t\t<\/div>\n\t\t","protected":false},"excerpt":{"rendered":"<p>ENTREGA KITS 25\/5 s\u00e1bado &#8211; 10 \u00e0s 14h 26\/05 domingo &#8211; 06:00 \u00e0s 07:00 Local:&nbsp;Pier Tur\u00edstico Porto Belo Day Run Corrida\u00a0 5km [&hellip;]<\/p>\n","protected":false},"author":1,"featured_media":0,"parent":0,"menu_order":0,"comment_status":"closed","ping_status":"closed","template":"elementor_header_footer","meta":{"footnotes":""},"class_list":["post-527","page","type-page","status-publish","hentry"],"yoast_head":"<!-- This site is optimized with the Yoast SEO Premium plugin v19.7 (Yoast SEO v20.8) - https:\/\/yoast.com\/wordpress\/plugins\/seo\/ -->\n<title>INFORMA\u00c7\u00d5ES - Circuito Costa Esmeralda<\/title>\n<meta name=\"robots\" content=\"index, follow, max-snippet:-1, max-image-preview:large, max-video-preview:-1\" \/>\n<link rel=\"canonical\" href=\"https:\/\/portobelodayrun.com.br\/?page_id=527\" \/>\n<meta property=\"og:locale\" content=\"pt_BR\" \/>\n<meta property=\"og:type\" content=\"article\" \/>\n<meta property=\"og:title\" content=\"INFORMA\u00c7\u00d5ES\" \/>\n<meta property=\"og:description\" content=\"ENTREGA KITS 25\/5 s\u00e1bado &#8211; 10 \u00e0s 14h 26\/05 domingo &#8211; 06:00 \u00e0s 07:00 Local:&nbsp;Pier Tur\u00edstico Porto Belo Day Run Corrida\u00a0 5km [&hellip;]\" \/>\n<meta property=\"og:url\" content=\"https:\/\/portobelodayrun.com.br\/?page_id=527\" \/>\n<meta property=\"og:site_name\" content=\"Circuito Costa Esmeralda\" \/>\n<meta property=\"article:modified_time\" content=\"2024-05-21T20:44:49+00:00\" \/>\n<meta name=\"twitter:card\" content=\"summary_large_image\" \/>\n<meta name=\"twitter:label1\" content=\"Est. tempo de leitura\" \/>\n\t<meta name=\"twitter:data1\" content=\"1 minuto\" \/>\n<script type=\"application\/ld+json\" class=\"yoast-schema-graph\">{\"@context\":\"https:\/\/schema.org\",\"@graph\":[{\"@type\":\"WebPage\",\"@id\":\"https:\/\/portobelodayrun.com.br\/?page_id=527\",\"url\":\"https:\/\/portobelodayrun.com.br\/?page_id=527\",\"name\":\"INFORMA\u00c7\u00d5ES - Circuito Costa Esmeralda\",\"isPartOf\":{\"@id\":\"https:\/\/portobelodayrun.com.br\/#website\"},\"datePublished\":\"2022-04-23T19:30:03+00:00\",\"dateModified\":\"2024-05-21T20:44:49+00:00\",\"breadcrumb\":{\"@id\":\"https:\/\/portobelodayrun.com.br\/?page_id=527#breadcrumb\"},\"inLanguage\":\"pt-BR\",\"potentialAction\":[{\"@type\":\"ReadAction\",\"target\":[\"https:\/\/portobelodayrun.com.br\/?page_id=527\"]}]},{\"@type\":\"BreadcrumbList\",\"@id\":\"https:\/\/portobelodayrun.com.br\/?page_id=527#breadcrumb\",\"itemListElement\":[{\"@type\":\"ListItem\",\"position\":1,\"name\":\"In\u00edcio\",\"item\":\"https:\/\/portobelodayrun.com.br\/\"},{\"@type\":\"ListItem\",\"position\":2,\"name\":\"INFORMA\u00c7\u00d5ES\"}]},{\"@type\":\"WebSite\",\"@id\":\"https:\/\/portobelodayrun.com.br\/#website\",\"url\":\"https:\/\/portobelodayrun.com.br\/\",\"name\":\"Circuito Costa Esmeralda\",\"description\":\"\",\"potentialAction\":[{\"@type\":\"SearchAction\",\"target\":{\"@type\":\"EntryPoint\",\"urlTemplate\":\"https:\/\/portobelodayrun.com.br\/?s={search_term_string}\"},\"query-input\":\"required name=search_term_string\"}],\"inLanguage\":\"pt-BR\"}]}<\/script>\n<!-- \/ Yoast SEO Premium plugin. -->","yoast_head_json":{"title":"INFORMA\u00c7\u00d5ES - Circuito Costa Esmeralda","robots":{"index":"index","follow":"follow","max-snippet":"max-snippet:-1","max-image-preview":"max-image-preview:large","max-video-preview":"max-video-preview:-1"},"canonical":"https:\/\/portobelodayrun.com.br\/?page_id=527","og_locale":"pt_BR","og_type":"article","og_title":"INFORMA\u00c7\u00d5ES","og_description":"ENTREGA KITS 25\/5 s\u00e1bado &#8211; 10 \u00e0s 14h 26\/05 domingo &#8211; 06:00 \u00e0s 07:00 Local:&nbsp;Pier Tur\u00edstico Porto Belo Day Run Corrida\u00a0 5km [&hellip;]","og_url":"https:\/\/portobelodayrun.com.br\/?page_id=527","og_site_name":"Circuito Costa Esmeralda","article_modified_time":"2024-05-21T20:44:49+00:00","twitter_card":"summary_large_image","twitter_misc":{"Est. tempo de leitura":"1 minuto"},"schema":{"@context":"https:\/\/schema.org","@graph":[{"@type":"WebPage","@id":"https:\/\/portobelodayrun.com.br\/?page_id=527","url":"https:\/\/portobelodayrun.com.br\/?page_id=527","name":"INFORMA\u00c7\u00d5ES - Circuito Costa Esmeralda","isPartOf":{"@id":"https:\/\/portobelodayrun.com.br\/#website"},"datePublished":"2022-04-23T19:30:03+00:00","dateModified":"2024-05-21T20:44:49+00:00","breadcrumb":{"@id":"https:\/\/portobelodayrun.com.br\/?page_id=527#breadcrumb"},"inLanguage":"pt-BR","potentialAction":[{"@type":"ReadAction","target":["https:\/\/portobelodayrun.com.br\/?page_id=527"]}]},{"@type":"BreadcrumbList","@id":"https:\/\/portobelodayrun.com.br\/?page_id=527#breadcrumb","itemListElement":[{"@type":"ListItem","position":1,"name":"In\u00edcio","item":"https:\/\/portobelodayrun.com.br\/"},{"@type":"ListItem","position":2,"name":"INFORMA\u00c7\u00d5ES"}]},{"@type":"WebSite","@id":"https:\/\/portobelodayrun.com.br\/#website","url":"https:\/\/portobelodayrun.com.br\/","name":"Circuito Costa Esmeralda","description":"","potentialAction":[{"@type":"SearchAction","target":{"@type":"EntryPoint","urlTemplate":"https:\/\/portobelodayrun.com.br\/?s={search_term_string}"},"query-input":"required name=search_term_string"}],"inLanguage":"pt-BR"}]}},"_links":{"self":[{"href":"https:\/\/portobelodayrun.com.br\/index.php?rest_route=\/wp\/v2\/pages\/527","targetHints":{"allow":["GET"]}}],"collection":[{"href":"https:\/\/portobelodayrun.com.br\/index.php?rest_route=\/wp\/v2\/pages"}],"about":[{"href":"https:\/\/portobelodayrun.com.br\/index.php?rest_route=\/wp\/v2\/types\/page"}],"author":[{"embeddable":true,"href":"https:\/\/portobelodayrun.com.br\/index.php?rest_route=\/wp\/v2\/users\/1"}],"replies":[{"embeddable":true,"href":"https:\/\/portobelodayrun.com.br\/index.php?rest_route=%2Fwp%2Fv2%2Fcomments&post=527"}],"version-history":[{"count":49,"href":"https:\/\/portobelodayrun.com.br\/index.php?rest_route=\/wp\/v2\/pages\/527\/revisions"}],"predecessor-version":[{"id":1009,"href":"https:\/\/portobelodayrun.com.br\/index.php?rest_route=\/wp\/v2\/pages\/527\/revisions\/1009"}],"wp:attachment":[{"href":"https:\/\/portobelodayrun.com.br\/index.php?rest_route=%2Fwp%2Fv2%2Fmedia&parent=527"}],"curies":[{"name":"wp","href":"https:\/\/api.w.org\/{rel}","templated":true}]}}