{"id":545,"date":"2022-04-23T16:33:49","date_gmt":"2022-04-23T19:33:49","guid":{"rendered":"http:\/\/portobelodayrun.com.br\/?page_id=545"},"modified":"2022-04-26T10:18:22","modified_gmt":"2022-04-26T13:18:22","slug":"fale-conosco","status":"publish","type":"page","link":"https:\/\/portobelodayrun.com.br\/?page_id=545","title":{"rendered":"FALE CONOSCO"},"content":{"rendered":"\t\t<div data-elementor-type=\"wp-page\" data-elementor-id=\"545\" class=\"elementor elementor-545\">\n\t\t\t\t\t\t<section class=\"elementor-section elementor-top-section elementor-element elementor-element-4038adc elementor-section-boxed elementor-section-height-default elementor-section-height-default\" data-id=\"4038adc\" data-element_type=\"section\" data-e-type=\"section\">\n\t\t\t\t\t\t<div class=\"elementor-container elementor-column-gap-default\">\n\t\t\t\t\t<div class=\"elementor-column elementor-col-100 elementor-top-column elementor-element elementor-element-634253d\" data-id=\"634253d\" data-element_type=\"column\" data-e-type=\"column\">\n\t\t\t<div class=\"elementor-widget-wrap elementor-element-populated\">\n\t\t\t\t\t\t<div class=\"elementor-element elementor-element-408b3f4 elementor-widget elementor-widget-text-editor\" data-id=\"408b3f4\" data-element_type=\"widget\" data-e-type=\"widget\" data-widget_type=\"text-editor.default\">\n\t\t\t\t<div class=\"elementor-widget-container\">\n\t\t\t\t\t\t\t\t\t<p>Para falar com a organiza\u00e7\u00e3o envie sua mensagem, d\u00favida, sugest\u00e3o no e-mail: <a href=\"mailto:atendimento@sprintfinal.com.br\" target=\"_blank\" rel=\"noopener\">atendimento@sprintfinal.com.br<\/a><\/p>\t\t\t\t\t\t\t\t<\/div>\n\t\t\t\t<\/div>\n\t\t\t\t\t<\/div>\n\t\t<\/div>\n\t\t\t\t\t<\/div>\n\t\t<\/section>\n\t\t\t\t<\/div>\n\t\t","protected":false},"excerpt":{"rendered":"<p>Para falar com a organiza\u00e7\u00e3o envie sua mensagem, d\u00favida, sugest\u00e3o no e-mail: atendimento@sprintfinal.com.br<\/p>\n","protected":false},"author":1,"featured_media":0,"parent":0,"menu_order":0,"comment_status":"closed","ping_status":"closed","template":"elementor_header_footer","meta":{"footnotes":""},"class_list":["post-545","page","type-page","status-publish","hentry"],"yoast_head":"<!-- This site is optimized with the Yoast SEO Premium plugin v19.7 (Yoast SEO v20.8) - https:\/\/yoast.com\/wordpress\/plugins\/seo\/ -->\n<title>FALE CONOSCO - Circuito Costa Esmeralda<\/title>\n<meta name=\"robots\" content=\"index, follow, max-snippet:-1, max-image-preview:large, max-video-preview:-1\" \/>\n<link rel=\"canonical\" href=\"https:\/\/portobelodayrun.com.br\/?page_id=545\" \/>\n<meta property=\"og:locale\" content=\"pt_BR\" \/>\n<meta property=\"og:type\" content=\"article\" \/>\n<meta property=\"og:title\" content=\"FALE CONOSCO\" \/>\n<meta property=\"og:description\" content=\"Para falar com a organiza\u00e7\u00e3o envie sua mensagem, d\u00favida, sugest\u00e3o no e-mail: atendimento@sprintfinal.com.br\" \/>\n<meta property=\"og:url\" content=\"https:\/\/portobelodayrun.com.br\/?page_id=545\" \/>\n<meta property=\"og:site_name\" content=\"Circuito Costa Esmeralda\" \/>\n<meta property=\"article:modified_time\" content=\"2022-04-26T13:18:22+00:00\" \/>\n<meta name=\"twitter:card\" content=\"summary_large_image\" \/>\n<meta name=\"twitter:label1\" content=\"Est. tempo de leitura\" \/>\n\t<meta name=\"twitter:data1\" content=\"1 minuto\" \/>\n<script type=\"application\/ld+json\" class=\"yoast-schema-graph\">{\"@context\":\"https:\/\/schema.org\",\"@graph\":[{\"@type\":\"WebPage\",\"@id\":\"https:\/\/portobelodayrun.com.br\/?page_id=545\",\"url\":\"https:\/\/portobelodayrun.com.br\/?page_id=545\",\"name\":\"FALE CONOSCO - Circuito Costa Esmeralda\",\"isPartOf\":{\"@id\":\"https:\/\/portobelodayrun.com.br\/#website\"},\"datePublished\":\"2022-04-23T19:33:49+00:00\",\"dateModified\":\"2022-04-26T13:18:22+00:00\",\"breadcrumb\":{\"@id\":\"https:\/\/portobelodayrun.com.br\/?page_id=545#breadcrumb\"},\"inLanguage\":\"pt-BR\",\"potentialAction\":[{\"@type\":\"ReadAction\",\"target\":[\"https:\/\/portobelodayrun.com.br\/?page_id=545\"]}]},{\"@type\":\"BreadcrumbList\",\"@id\":\"https:\/\/portobelodayrun.com.br\/?page_id=545#breadcrumb\",\"itemListElement\":[{\"@type\":\"ListItem\",\"position\":1,\"name\":\"In\u00edcio\",\"item\":\"https:\/\/portobelodayrun.com.br\/\"},{\"@type\":\"ListItem\",\"position\":2,\"name\":\"FALE CONOSCO\"}]},{\"@type\":\"WebSite\",\"@id\":\"https:\/\/portobelodayrun.com.br\/#website\",\"url\":\"https:\/\/portobelodayrun.com.br\/\",\"name\":\"Circuito Costa Esmeralda\",\"description\":\"\",\"potentialAction\":[{\"@type\":\"SearchAction\",\"target\":{\"@type\":\"EntryPoint\",\"urlTemplate\":\"https:\/\/portobelodayrun.com.br\/?s={search_term_string}\"},\"query-input\":\"required name=search_term_string\"}],\"inLanguage\":\"pt-BR\"}]}<\/script>\n<!-- \/ Yoast SEO Premium plugin. -->","yoast_head_json":{"title":"FALE CONOSCO - Circuito Costa Esmeralda","robots":{"index":"index","follow":"follow","max-snippet":"max-snippet:-1","max-image-preview":"max-image-preview:large","max-video-preview":"max-video-preview:-1"},"canonical":"https:\/\/portobelodayrun.com.br\/?page_id=545","og_locale":"pt_BR","og_type":"article","og_title":"FALE CONOSCO","og_description":"Para falar com a organiza\u00e7\u00e3o envie sua mensagem, d\u00favida, sugest\u00e3o no e-mail: atendimento@sprintfinal.com.br","og_url":"https:\/\/portobelodayrun.com.br\/?page_id=545","og_site_name":"Circuito Costa Esmeralda","article_modified_time":"2022-04-26T13:18:22+00:00","twitter_card":"summary_large_image","twitter_misc":{"Est. tempo de leitura":"1 minuto"},"schema":{"@context":"https:\/\/schema.org","@graph":[{"@type":"WebPage","@id":"https:\/\/portobelodayrun.com.br\/?page_id=545","url":"https:\/\/portobelodayrun.com.br\/?page_id=545","name":"FALE CONOSCO - Circuito Costa Esmeralda","isPartOf":{"@id":"https:\/\/portobelodayrun.com.br\/#website"},"datePublished":"2022-04-23T19:33:49+00:00","dateModified":"2022-04-26T13:18:22+00:00","breadcrumb":{"@id":"https:\/\/portobelodayrun.com.br\/?page_id=545#breadcrumb"},"inLanguage":"pt-BR","potentialAction":[{"@type":"ReadAction","target":["https:\/\/portobelodayrun.com.br\/?page_id=545"]}]},{"@type":"BreadcrumbList","@id":"https:\/\/portobelodayrun.com.br\/?page_id=545#breadcrumb","itemListElement":[{"@type":"ListItem","position":1,"name":"In\u00edcio","item":"https:\/\/portobelodayrun.com.br\/"},{"@type":"ListItem","position":2,"name":"FALE CONOSCO"}]},{"@type":"WebSite","@id":"https:\/\/portobelodayrun.com.br\/#website","url":"https:\/\/portobelodayrun.com.br\/","name":"Circuito Costa Esmeralda","description":"","potentialAction":[{"@type":"SearchAction","target":{"@type":"EntryPoint","urlTemplate":"https:\/\/portobelodayrun.com.br\/?s={search_term_string}"},"query-input":"required name=search_term_string"}],"inLanguage":"pt-BR"}]}},"_links":{"self":[{"href":"https:\/\/portobelodayrun.com.br\/index.php?rest_route=\/wp\/v2\/pages\/545","targetHints":{"allow":["GET"]}}],"collection":[{"href":"https:\/\/portobelodayrun.com.br\/index.php?rest_route=\/wp\/v2\/pages"}],"about":[{"href":"https:\/\/portobelodayrun.com.br\/index.php?rest_route=\/wp\/v2\/types\/page"}],"author":[{"embeddable":true,"href":"https:\/\/portobelodayrun.com.br\/index.php?rest_route=\/wp\/v2\/users\/1"}],"replies":[{"embeddable":true,"href":"https:\/\/portobelodayrun.com.br\/index.php?rest_route=%2Fwp%2Fv2%2Fcomments&post=545"}],"version-history":[{"count":7,"href":"https:\/\/portobelodayrun.com.br\/index.php?rest_route=\/wp\/v2\/pages\/545\/revisions"}],"predecessor-version":[{"id":600,"href":"https:\/\/portobelodayrun.com.br\/index.php?rest_route=\/wp\/v2\/pages\/545\/revisions\/600"}],"wp:attachment":[{"href":"https:\/\/portobelodayrun.com.br\/index.php?rest_route=%2Fwp%2Fv2%2Fmedia&parent=545"}],"curies":[{"name":"wp","href":"https:\/\/api.w.org\/{rel}","templated":true}]}}